{"id":2541,"date":"2020-03-11T13:30:14","date_gmt":"2020-03-11T13:30:14","guid":{"rendered":"https:\/\/schienle.de\/?page_id=2541"},"modified":"2022-06-01T14:40:05","modified_gmt":"2022-06-01T14:40:05","slug":"career","status":"publish","type":"page","link":"https:\/\/schienle.de\/en\/company\/career\/","title":{"rendered":"Career"},"content":{"rendered":"<div class=\"wpb-content-wrapper\"><p>[vc_row full_width=&#8221;stretch_row_content_no_spaces&#8221; css_animation=&#8221;none&#8221; bg_type=&#8221;bg_color&#8221; bg_override=&#8221;full&#8221; bg_color_value=&#8221;#feeb18&#8243; el_class=&#8221;bg-70-480&#8243;][vc_column][vc_row_inner][vc_column_inner width=&#8221;1\/2&#8243;][\/vc_column_inner][vc_column_inner width=&#8221;1\/2&#8243;]<div class=\"ult-spacer spacer-69e3566320a3a\" data-id=\"69e3566320a3a\" data-height=\"90\" data-height-mobile=\"45\" data-height-tab=\"90\" data-height-tab-portrait=\"45\" data-height-mobile-landscape=\"45\" style=\"clear:both;display:block;\"><\/div>[vc_single_image image=&#8221;1897&#8243; img_size=&#8221;full&#8221; alignment=&#8221;right&#8221;][\/vc_column_inner][\/vc_row_inner][\/vc_column][\/vc_row][vc_row css_animation=&#8221;none&#8221; el_class=&#8221;content-header&#8221;][vc_column width=&#8221;1\/2&#8243;]<div class=\"ult-spacer spacer-69e3566320a77\" data-id=\"69e3566320a77\" data-height=\"\" data-height-mobile=\"\" data-height-tab=\"120\" data-height-tab-portrait=\"\" data-height-mobile-landscape=\"\" style=\"clear:both;display:block;\"><\/div>[vc_custom_heading text=&#8221;Your Career<br \/>\nat Schienle&#8221; font_container=&#8221;tag:h1|text_align:left&#8221; use_theme_fonts=&#8221;yes&#8221;]<div class=\"ult-spacer spacer-69e3566320aa3\" data-id=\"69e3566320aa3\" data-height=\"60\" data-height-mobile=\"20\" data-height-tab=\"60\" data-height-tab-portrait=\"20\" data-height-mobile-landscape=\"20\" style=\"clear:both;display:block;\"><\/div>[vc_column_text el_class=&#8221;mobile-no-margin&#8221;]<\/p>\n<p class=\"p1\">If you are looking for an interesting professional challenge, in which your abilities and talents are appreciated, then we should definitely get to know each other.<\/p>\n<p>[\/vc_column_text]<div class=\"ult-spacer spacer-69e3566320aca\" data-id=\"69e3566320aca\" data-height=\"60\" data-height-mobile=\"0\" data-height-tab=\"60\" data-height-tab-portrait=\"0\" data-height-mobile-landscape=\"0\" style=\"clear:both;display:block;\"><\/div><div class=\"ult-just-icon-wrapper  \"><div class=\"align-icon\" style=\"text-align:center;\">\n<div class=\"aio-icon-img \" style=\"font-size:26px;display:inline-block;\" data-animation=\"rotateIn\" data-animation-delay=\"03\">\n\t<img decoding=\"async\" class=\"img-icon\" alt=\"null\" src=\"https:\/\/schienle.de\/wp-content\/uploads\/2019\/02\/plus-small.svg\"\/>\n<\/div><\/div><\/div><div class=\"ult-spacer spacer-69e3566320d94\" data-id=\"69e3566320d94\" data-height=\"60\" data-height-mobile=\"40\" data-height-tab=\"60\" data-height-tab-portrait=\"40\" data-height-mobile-landscape=\"40\" style=\"clear:both;display:block;\"><\/div>[\/vc_column][vc_column width=&#8221;1\/2&#8243;][\/vc_column][\/vc_row][vc_row disable_element=&#8221;yes&#8221;][vc_column]<div class=\"ult-spacer spacer-69e3566320dbd\" data-id=\"69e3566320dbd\" data-height=\"80\" data-height-mobile=\"40\" data-height-tab=\"\" data-height-tab-portrait=\"\" data-height-mobile-landscape=\"\" style=\"clear:both;display:block;\"><\/div>[\/vc_column][\/vc_row][vc_row css_animation=&#8221;none&#8221; disable_element=&#8221;yes&#8221; bg_type=&#8221;image&#8221; parallax_style=&#8221;vcpb-vz-jquery&#8221; bg_image_new=&#8221;id^322|url^https:\/\/schienle.de\/wp-content\/uploads\/2019\/02\/karte.svg|caption^null|alt^null|title^Karte|description^null&#8221; bg_image_repeat=&#8221;no-repeat&#8221; bg_image_size=&#8221;contain&#8221; parallax_sense=&#8221;30&#8243; bg_override=&#8221;ex-full&#8221;][vc_column]<div class=\"ult-spacer spacer-69e3566320de1\" data-id=\"69e3566320de1\" data-height=\"120\" data-height-mobile=\"40\" data-height-tab=\"\" data-height-tab-portrait=\"\" data-height-mobile-landscape=\"\" style=\"clear:both;display:block;\"><\/div>[vc_row_inner content_placement=&#8221;middle&#8221;][vc_column_inner][vc_custom_heading text=&#8221;Current vacancies&#8221; use_theme_fonts=&#8221;yes&#8221;]<div class=\"ult-spacer spacer-69e3566320e01\" data-id=\"69e3566320e01\" data-height=\"80\" data-height-mobile=\"20\" data-height-tab=\"\" data-height-tab-portrait=\"\" data-height-mobile-landscape=\"\" style=\"clear:both;display:block;\"><\/div>[vc_basic_grid post_type=&#8221;post&#8221; max_items=&#8221;5&#8243; element_width=&#8221;12&#8243; gap=&#8221;0&#8243; item=&#8221;782&#8243; initial_loading_animation=&#8221;fadeInUp&#8221; grid_id=&#8221;vc_gid:1654094343836-4c8f2765-7b5e-3&#8243; css=&#8221;.vc_custom_1551953464460{border-bottom-width: 1px !important;border-bottom-color: #aeaeae !important;border-bottom-style: solid !important;}&#8221; taxonomies=&#8221;9&#8243;]<div class=\"ult-spacer spacer-69e3566320e22\" data-id=\"69e3566320e22\" data-height=\"60\" data-height-mobile=\"20\" data-height-tab=\"\" data-height-tab-portrait=\"\" data-height-mobile-landscape=\"\" style=\"clear:both;display:block;\"><\/div>[\/vc_column_inner][\/vc_row_inner][\/vc_column][\/vc_row][vc_row][vc_column][vc_row_inner][vc_column_inner width=&#8221;1\/3&#8243;]<div class=\"ult-just-icon-wrapper  \"><div class=\"align-icon\" style=\"text-align:center;\">\n<div class=\"aio-icon-img \" style=\"font-size:26px;display:inline-block;\" data-animation=\"rotateIn\" data-animation-delay=\"03\">\n\t<img decoding=\"async\" class=\"img-icon\" alt=\"null\" src=\"https:\/\/schienle.de\/wp-content\/uploads\/2019\/02\/plus-small.svg\"\/>\n<\/div><\/div><\/div>[\/vc_column_inner][vc_column_inner width=&#8221;2\/3&#8243;]<div class=\"ult-spacer spacer-69e3566320eb0\" data-id=\"69e3566320eb0\" data-height=\"60\" data-height-mobile=\"40\" data-height-tab=\"60\" data-height-tab-portrait=\"40\" data-height-mobile-landscape=\"40\" style=\"clear:both;display:block;\"><\/div>[vc_single_image image=&#8221;2278&#8243; img_size=&#8221;full&#8221;][\/vc_column_inner][\/vc_row_inner][vc_row_inner][vc_column_inner width=&#8221;3\/12&#8243;][vc_single_image image=&#8221;2280&#8243; img_size=&#8221;full&#8221;][\/vc_column_inner][vc_column_inner width=&#8221;2\/12&#8243;][\/vc_column_inner][vc_column_inner width=&#8221;7\/12&#8243;]<div class=\"ult-spacer spacer-69e3566320ed4\" data-id=\"69e3566320ed4\" data-height=\"120\" data-height-mobile=\"40\" data-height-tab=\"120\" data-height-tab-portrait=\"40\" data-height-mobile-landscape=\"40\" style=\"clear:both;display:block;\"><\/div>[vc_custom_heading text=&#8221;Why Schienle&#8221; use_theme_fonts=&#8221;yes&#8221;]<div class=\"ult-spacer spacer-69e3566320ef6\" data-id=\"69e3566320ef6\" data-height=\"40\" data-height-mobile=\"20\" data-height-tab=\"40\" data-height-tab-portrait=\"20\" data-height-mobile-landscape=\"20\" style=\"clear:both;display:block;\"><\/div>[vc_column_text]<\/p>\n<p class=\"p1\">Schienle places great importance on the promotion of young specialists, even early in their careers. Their involvement in projects and improvement measures in particular enable our \u2018young profesSchienles\u2019 to play a part in shaping the Schienle of tomorrow.<\/p>\n<p>[\/vc_column_text][vc_btn title=&#8221;Click here to continue&#8221; shape=&#8221;square&#8221; color=&#8221;white&#8221; align=&#8221;right&#8221; el_class=&#8221;readmore&#8221; link=&#8221;url:https%3A%2F%2Fschienle.de%2Fen%2Fcompany%2Fcareer%2Fwhy-schienle%2F|title:Services&#8221;]<div class=\"ult-spacer spacer-69e3566320f16\" data-id=\"69e3566320f16\" data-height=\"60\" data-height-mobile=\"40\" data-height-tab=\"60\" data-height-tab-portrait=\"40\" data-height-mobile-landscape=\"40\" style=\"clear:both;display:block;\"><\/div>[\/vc_column_inner][\/vc_row_inner][\/vc_column][\/vc_row][vc_row css_animation=&#8221;none&#8221; disable_element=&#8221;yes&#8221;][vc_column]<div class=\"ult-spacer spacer-69e3566320f35\" data-id=\"69e3566320f35\" data-height=\"120\" data-height-mobile=\"60\" data-height-tab=\"\" data-height-tab-portrait=\"\" data-height-mobile-landscape=\"\" style=\"clear:both;display:block;\"><\/div>[vc_row_inner content_placement=&#8221;middle&#8221;][vc_column_inner width=&#8221;7\/12&#8243;][vc_custom_heading text=&#8221;Ausbildung und Studium&#8221; use_theme_fonts=&#8221;yes&#8221;][vc_column_text]\u2013\u2013 TEXT AUSSTEHEND \u2013\u2013<\/p>\n<p>Entwicklung Gemeinsam mit unseren Partnern entwickeln und zertifizieren wir innovative kundenspezifische Elektro\u00admagnetl\u00f6sungen. Dank jahrzehntelanger Erfahrung und standardisierten Ablaufprozessen steht Schienle f\u00fcr eine termingerechte Durchf\u00fchrung von Auftr\u00e4gen<br \/>\njeder Gr\u00f6\u00dfenordnung.[\/vc_column_text]<div class=\"ult-spacer spacer-69e3566320f54\" data-id=\"69e3566320f54\" data-height=\"60\" data-height-mobile=\"40\" data-height-tab=\"\" data-height-tab-portrait=\"\" data-height-mobile-landscape=\"\" style=\"clear:both;display:block;\"><\/div>[\/vc_column_inner][vc_column_inner width=&#8221;5\/12&#8243; offset=&#8221;vc_hidden-xs&#8221;]<div class=\"ult-just-icon-wrapper  \"><div class=\"align-icon\" style=\"text-align:center;\">\n<div class=\"aio-icon-img \" style=\"font-size:48px;display:inline-block;\" data-animation=\"rotateIn\" data-animation-delay=\"03\">\n\t<img decoding=\"async\" class=\"img-icon\" alt=\"null\" src=\"https:\/\/schienle.de\/wp-content\/uploads\/2019\/02\/plus-small.svg\"\/>\n<\/div><\/div><\/div>[\/vc_column_inner][\/vc_row_inner][vc_row_inner][vc_column_inner width=&#8221;5\/12&#8243;][\/vc_column_inner][vc_column_inner width=&#8221;7\/12&#8243;]<div class=\"ult-content-box-container \" >\t\t<div class=\"ult-content-box\" style=\"box-shadow: px px px px none;margin-top:-60px;margin-right:0px;margin-bottom:0px;margin-left:0px;-webkit-transition: all 700ms ease;-moz-transition: all 700ms ease;-ms-transition: all 700ms ease;-o-transition: all 700ms ease;transition: all 700ms ease;\"  data-hover_box_shadow=\"none\"    data-normal_margins=\"margin-top:-60px;margin-right:0px;margin-bottom:0px;margin-left:0px;\"  >[vc_single_image image=&#8221;1904&#8243; img_size=&#8221;full&#8221;]\t\t<\/div><\/div>[\/vc_column_inner][\/vc_row_inner][\/vc_column][\/vc_row][vc_row][vc_column]<div class=\"ult-spacer spacer-69e356632101d\" data-id=\"69e356632101d\" data-height=\"180\" data-height-mobile=\"60\" data-height-tab=\"60\" data-height-tab-portrait=\"60\" data-height-mobile-landscape=\"60\" style=\"clear:both;display:block;\"><\/div>[\/vc_column][\/vc_row][vc_row css_animation=&#8221;none&#8221;][vc_column][vc_custom_heading text=&#8221;Information for applicants&#8221; use_theme_fonts=&#8221;yes&#8221;][vc_column_text]All currently vacant positions can be found in our recruitment section. Nothing suitable for you? Then we look forward to receiving your speculative application! You can contact us at <a href=\"mailto:bewerbung@schienle.de\">bewerbung@schienle.de<\/a>.<\/p>\n<p>We can only process speculative applications received by email if the following conditions are met:[\/vc_column_text]<div class=\"ult-spacer spacer-69e356632103e\" data-id=\"69e356632103e\" data-height=\"60\" data-height-mobile=\"40\" data-height-tab=\"60\" data-height-tab-portrait=\"40\" data-height-mobile-landscape=\"40\" style=\"clear:both;display:block;\"><\/div>[\/vc_column][\/vc_row][vc_row full_width=&#8221;stretch_row&#8221; css_animation=&#8221;none&#8221; bg_type=&#8221;bg_color&#8221; bg_override=&#8221;full&#8221; bg_color_value=&#8221;#feeb18&#8243; el_class=&#8221;bg-70&#8243;][vc_column]<div class=\"ult-spacer spacer-69e356632105d\" data-id=\"69e356632105d\" data-height=\"60\" data-height-mobile=\"40\" data-height-tab=\"60\" data-height-tab-portrait=\"40\" data-height-mobile-landscape=\"40\" style=\"clear:both;display:block;\"><\/div>[vc_row_inner][vc_column_inner width=&#8221;1\/3&#8243;][vc_column_text]<\/p>\n<ul>\n<li>For organisational reasons, and also due to data protection regulations, we can only accept speculative applications by email if they are sent to the address <a href=\"mailto:bewerbung@schienle.de\">bewerbung@schienle.de<\/a>.<\/li>\n<li>Any applications sent to other addresses, such as for example info@schienle.de, will be promptly deleted upon receipt, without being processed.<\/li>\n<\/ul>\n<p>[\/vc_column_text][\/vc_column_inner][vc_column_inner width=&#8221;1\/3&#8243;][vc_column_text]<\/p>\n<ul>\n<li>For the initial contact, please just include your CV and covering letter<\/li>\n<li>Your contact details (address, telephone number) must be stated in the email text<\/li>\n<li>File attachments can only be accepted as PDF documents<\/li>\n<\/ul>\n<p>[\/vc_column_text][\/vc_column_inner][vc_column_inner width=&#8221;1\/3&#8243;][vc_column_text]Do you have any questions, or would you like to apply?<br \/>\nThen contact:<\/p>\n<div class=\"text-20\">\n<p>Ms. Karin Senn<br \/>\n<span class=\"s1\"><a href=\"tel:+49893791006771\">+49 (0) 89 379100 6771<\/a><br \/>\n<\/span><a href=\"mailto:bewerbung@schienle.de\">bewerbung@schienle.de<\/a><\/p>\n<\/div>\n<p>[\/vc_column_text][\/vc_column_inner][\/vc_row_inner]<div class=\"ult-spacer spacer-69e356632107b\" data-id=\"69e356632107b\" data-height=\"80\" data-height-mobile=\"80\" data-height-tab=\"80\" data-height-tab-portrait=\"\" data-height-mobile-landscape=\"\" style=\"clear:both;display:block;\"><\/div>[\/vc_column][\/vc_row][vc_row full_width=&#8221;stretch_row_content_no_spaces&#8221; css_animation=&#8221;none&#8221; css=&#8221;.vc_custom_1552483418493{margin-top: -120px !important;}&#8221;][vc_column width=&#8221;7\/12&#8243;][\/vc_column][vc_column width=&#8221;5\/12&#8243;][vc_single_image image=&#8221;1914&#8243; img_size=&#8221;full&#8221; alignment=&#8221;right&#8221; css=&#8221;.vc_custom_1574674365627{margin-top: 0px !important;margin-bottom: 0px !important;padding-top: 0px !important;padding-bottom: 0px !important;}&#8221;][\/vc_column][\/vc_row][vc_row][vc_column]<div class=\"ult-spacer spacer-69e3566321098\" data-id=\"69e3566321098\" data-height=\"120\" data-height-mobile=\"60\" data-height-tab=\"120\" data-height-tab-portrait=\"60\" data-height-mobile-landscape=\"60\" style=\"clear:both;display:block;\"><\/div>[\/vc_column][\/vc_row]<\/p>\n<\/div>","protected":false},"excerpt":{"rendered":"<p>[vc_row full_width=&#8221;stretch_row_content_no_spaces&#8221; css_animation=&#8221;none&#8221; bg_type=&#8221;bg_color&#8221; bg_override=&#8221;full&#8221; bg_color_value=&#8221;#feeb18&#8243; el_class=&#8221;bg-70-480&#8243;][vc_column][vc_row_inner][vc_column_inner width=&#8221;1\/2&#8243;][\/vc_column_inner][vc_column_inner width=&#8221;1\/2&#8243;][vc_single_image image=&#8221;1897&#8243; img_size=&#8221;full&#8221; alignment=&#8221;right&#8221;][\/vc_column_inner][\/vc_row_inner][\/vc_column][\/vc_row][vc_row css_animation=&#8221;none&#8221; el_class=&#8221;content-header&#8221;][vc_column width=&#8221;1\/2&#8243;][vc_custom_heading text=&#8221;Your Career at Schienle&#8221; font_container=&#8221;tag:h1|text_align:left&#8221; use_theme_fonts=&#8221;yes&#8221;][vc_column_text el_class=&#8221;mobile-no-margin&#8221;] If you are looking for an interesting professional challenge, in which your abilities and talents are appreciated, then we should definitely get to know each other. [\/vc_column_text][\/vc_column][vc_column width=&#8221;1\/2&#8243;][\/vc_column][\/vc_row][vc_row disable_element=&#8221;yes&#8221;][vc_column][\/vc_column][\/vc_row][vc_row css_animation=&#8221;none&#8221; disable_element=&#8221;yes&#8221; bg_type=&#8221;image&#8221; parallax_style=&#8221;vcpb-vz-jquery&#8221; [&hellip;]<\/p>\n","protected":false},"author":6,"featured_media":0,"parent":2514,"menu_order":10,"comment_status":"closed","ping_status":"closed","template":"","meta":{"inline_featured_image":false,"footnotes":""},"class_list":["post-2541","page","type-page","status-publish","hentry"],"_links":{"self":[{"href":"https:\/\/schienle.de\/en\/wp-json\/wp\/v2\/pages\/2541","targetHints":{"allow":["GET"]}}],"collection":[{"href":"https:\/\/schienle.de\/en\/wp-json\/wp\/v2\/pages"}],"about":[{"href":"https:\/\/schienle.de\/en\/wp-json\/wp\/v2\/types\/page"}],"author":[{"embeddable":true,"href":"https:\/\/schienle.de\/en\/wp-json\/wp\/v2\/users\/6"}],"replies":[{"embeddable":true,"href":"https:\/\/schienle.de\/en\/wp-json\/wp\/v2\/comments?post=2541"}],"version-history":[{"count":0,"href":"https:\/\/schienle.de\/en\/wp-json\/wp\/v2\/pages\/2541\/revisions"}],"up":[{"embeddable":true,"href":"https:\/\/schienle.de\/en\/wp-json\/wp\/v2\/pages\/2514"}],"wp:attachment":[{"href":"https:\/\/schienle.de\/en\/wp-json\/wp\/v2\/media?parent=2541"}],"curies":[{"name":"wp","href":"https:\/\/api.w.org\/{rel}","templated":true}]}}